{"id":218,"date":"2024-03-04T00:16:30","date_gmt":"2024-03-03T23:16:30","guid":{"rendered":"https:\/\/clubescapada.com\/?page_id=218"},"modified":"2025-02-04T23:05:46","modified_gmt":"2025-02-04T22:05:46","slug":"politica-de-cookies","status":"publish","type":"page","link":"https:\/\/clubescapada.com\/fr\/politica-de-cookies\/","title":{"rendered":"Politique relative aux cookies"},"content":{"rendered":"\t\t<div data-elementor-type=\"wp-page\" data-elementor-id=\"218\" class=\"elementor elementor-218\" data-elementor-post-type=\"page\">\n\t\t\t\t\t\t<section class=\"elementor-section elementor-top-section elementor-element elementor-element-340a71a elementor-section-boxed elementor-section-height-default elementor-section-height-default\" data-id=\"340a71a\" data-element_type=\"section\" data-e-type=\"section\">\n\t\t\t\t\t\t<div class=\"elementor-container elementor-column-gap-default\">\n\t\t\t\t\t<div class=\"elementor-column elementor-col-100 elementor-top-column elementor-element elementor-element-48d9d17\" data-id=\"48d9d17\" data-element_type=\"column\" data-e-type=\"column\">\n\t\t\t<div class=\"elementor-widget-wrap elementor-element-populated\">\n\t\t\t\t\t\t<div class=\"elementor-element elementor-element-bf500de elementor-widget elementor-widget-text-editor\" data-id=\"bf500de\" data-element_type=\"widget\" data-e-type=\"widget\" data-widget_type=\"text-editor.default\">\n\t\t\t\t<div class=\"elementor-widget-container\">\n\t\t\t\t\t\t\t\t\t<p><strong>\u00daltima actualizaci\u00f3n: febrero 2024<\/strong><\/p>\n<p>En Club Escapada, con domicilio en www.clubescapada.com, nos comprometemos a garantizar que tu privacidad est\u00e9 protegida y a ser transparentes sobre las tecnolog\u00edas que se usan en nuestro sitio web. De acuerdo con la legislaci\u00f3n vigente en materia de cookies (Ley 34\/2002, de 11 de julio, de servicios de la sociedad de la informaci\u00f3n y de comercio electr\u00f3nico), al visitar nuestro sitio web [URL del sitio web], informamos de que utilizamos cookies para mejorar tu experiencia de navegaci\u00f3n y proporcionar servicios personalizados.<\/p>\n<p><strong>\u00bfQu\u00e9 son las cookies?<\/strong><\/p>\n<p>Una cookie es un peque\u00f1o archivo de texto que se almacena en tu ordenador o dispositivo m\u00f3vil cuando visitas un sitio web. Estas cookies se utilizan para que los sitios web funcionen, o trabajen de manera m\u00e1s eficiente, as\u00ed como para proporcionar informaci\u00f3n a los propietarios del sitio.<\/p>\n<p><strong>\u00bfC\u00f3mo y por qu\u00e9 usamos cookies?<\/strong><\/p>\n<p>Usamos cookies para mejorar la funcionalidad de nuestra web, permitirte moverte por las p\u00e1ginas con facilidad, recordar tus preferencias y, en general, proporcionarte una experiencia de usuario \u00f3ptima. Tambi\u00e9n utilizamos cookies para analizar c\u00f3mo nuestros clientes interact\u00faan con nuestro sitio web, lo cual nos ayuda a mejorar el rendimiento y personalizar tu experiencia.<\/p>\n<p><strong>Tipos de cookies que utilizamos<\/strong><\/p>\n<ul>\n<li>\n<p><strong>Cookies esenciales:<\/strong> Estas son necesarias para que el sitio web funcione correctamente. Incluyen, por ejemplo, cookies que te permiten acceder a \u00e1reas seguras de nuestra p\u00e1gina web.<\/p>\n<\/li>\n<li>\n<p><strong>Cookies de rendimiento y anal\u00edticas:<\/strong> Estas se utilizan para reconocer y contar el n\u00famero de visitantes y ver c\u00f3mo se mueven por el sitio cuando lo est\u00e1n usando.<\/p>\n<\/li>\n<li>\n<p><strong>Cookies de funcionalidad:<\/strong> Estas se utilizan para reconocerte cuando vuelvas a nuestro sitio web y nos permiten personalizar nuestro contenido para ti, saludarte por tu nombre y recordar tus preferencias.<\/p>\n<\/li>\n<li>\n<p><strong>Cookies de segmentaci\u00f3n o publicidad:<\/strong> Estas cookies registran tu visita a nuestro sitio web, las p\u00e1ginas que has visitado y los enlaces que has seguido. Utilizaremos esta informaci\u00f3n para hacer que nuestro sitio web y la publicidad mostrada en \u00e9l sean m\u00e1s relevantes para tus intereses.<\/p>\n<\/li>\n<\/ul>\n<p><strong>Gesti\u00f3n de cookies<\/strong><\/p>\n<p>Puedes gestionar y\/o eliminar las cookies como desees. Puedes eliminar todas las cookies que ya est\u00e1n en tu ordenador y puedes configurar la mayor\u00eda de los navegadores para que las prevenga. Sin embargo, si haces esto, es posible que tengas que ajustar manualmente algunas preferencias cada vez que visites un sitio y algunos servicios y funcionalidades pueden no funcionar.<\/p>\n<p><strong>Tu consentimiento<\/strong><\/p>\n<p>Al utilizar nuestro sitio web, reconoces que has le\u00eddo y entiendes esta pol\u00edtica de cookies y consientes el uso de cookies conforme a lo descrito en este documento.<\/p>\n<p><strong>Cambios en la pol\u00edtica de cookies<\/strong><\/p>\n<p>Nos reservamos el derecho de realizar cambios en esta pol\u00edtica de cookies. Cualquier cambio se publicar\u00e1 en esta p\u00e1gina y, si es apropiado, se te notificar\u00e1 por correo electr\u00f3nico.<\/p>\n<p><strong>Contacto<\/strong><\/p>\n<p>Si tienes alguna pregunta sobre nuestra pol\u00edtica de cookies o el uso de cookies en nuestro sitio web, puedes contactarnos en hola@clubescapada.com&nbsp;<\/p>\t\t\t\t\t\t\t\t<\/div>\n\t\t\t\t<\/div>\n\t\t\t\t\t<\/div>\n\t\t<\/div>\n\t\t\t\t\t<\/div>\n\t\t<\/section>\n\t\t\t\t<\/div>\n\t\t","protected":false},"excerpt":{"rendered":"<p>\u00daltima actualizaci\u00f3n: febrero 2024 En Club Escapada, con domicilio en www.clubescapada.com, nos comprometemos a garantizar que tu privacidad est\u00e9 protegida y a ser transparentes sobre las tecnolog\u00edas que se usan en nuestro sitio web. De acuerdo con la legislaci\u00f3n vigente en materia de cookies (Ley 34\/2002, de 11 de julio, de servicios de la sociedad [&hellip;]<\/p>\n","protected":false},"author":1,"featured_media":0,"parent":0,"menu_order":0,"comment_status":"closed","ping_status":"closed","template":"","meta":{"footnotes":""},"class_list":["post-218","page","type-page","status-publish","hentry"],"yoast_head":"<!-- This site is optimized with the Yoast SEO plugin v27.5 - https:\/\/yoast.com\/product\/yoast-seo-wordpress\/ -->\n<title>Pol\u00edtica de Cookies - Club Escapada<\/title>\n<meta name=\"robots\" content=\"noindex, nofollow\" \/>\n<meta property=\"og:locale\" content=\"fr_FR\" \/>\n<meta property=\"og:type\" content=\"article\" \/>\n<meta property=\"og:title\" content=\"Pol\u00edtica de Cookies - Club Escapada\" \/>\n<meta property=\"og:description\" content=\"\u00daltima actualizaci\u00f3n: febrero 2024 En Club Escapada, con domicilio en www.clubescapada.com, nos comprometemos a garantizar que tu privacidad est\u00e9 protegida y a ser transparentes sobre las tecnolog\u00edas que se usan en nuestro sitio web. De acuerdo con la legislaci\u00f3n vigente en materia de cookies (Ley 34\/2002, de 11 de julio, de servicios de la sociedad [&hellip;]\" \/>\n<meta property=\"og:url\" content=\"https:\/\/clubescapada.com\/fr\/politica-de-cookies\/\" \/>\n<meta property=\"og:site_name\" content=\"Club Escapada\" \/>\n<meta property=\"article:modified_time\" content=\"2025-02-04T22:05:46+00:00\" \/>\n<meta name=\"twitter:card\" content=\"summary_large_image\" \/>\n<meta name=\"twitter:label1\" content=\"Dur\u00e9e de lecture estim\u00e9e\" \/>\n\t<meta name=\"twitter:data1\" content=\"3 minutes\" \/>\n<script type=\"application\/ld+json\" class=\"yoast-schema-graph\">{\"@context\":\"https:\\\/\\\/schema.org\",\"@graph\":[{\"@type\":\"WebPage\",\"@id\":\"https:\\\/\\\/clubescapada.com\\\/politica-de-cookies\\\/\",\"url\":\"https:\\\/\\\/clubescapada.com\\\/politica-de-cookies\\\/\",\"name\":\"Pol\u00edtica de Cookies - Club Escapada\",\"isPartOf\":{\"@id\":\"https:\\\/\\\/clubescapada.com\\\/#website\"},\"datePublished\":\"2024-03-03T23:16:30+00:00\",\"dateModified\":\"2025-02-04T22:05:46+00:00\",\"breadcrumb\":{\"@id\":\"https:\\\/\\\/clubescapada.com\\\/politica-de-cookies\\\/#breadcrumb\"},\"inLanguage\":\"fr-FR\",\"potentialAction\":[{\"@type\":\"ReadAction\",\"target\":[\"https:\\\/\\\/clubescapada.com\\\/politica-de-cookies\\\/\"]}]},{\"@type\":\"BreadcrumbList\",\"@id\":\"https:\\\/\\\/clubescapada.com\\\/politica-de-cookies\\\/#breadcrumb\",\"itemListElement\":[{\"@type\":\"ListItem\",\"position\":1,\"name\":\"Portada\",\"item\":\"https:\\\/\\\/clubescapada.com\\\/\"},{\"@type\":\"ListItem\",\"position\":2,\"name\":\"Pol\u00edtica de Cookies\"}]},{\"@type\":\"WebSite\",\"@id\":\"https:\\\/\\\/clubescapada.com\\\/#website\",\"url\":\"https:\\\/\\\/clubescapada.com\\\/\",\"name\":\"Club Escapada\",\"description\":\"Descubre Catalu\u00f1a\",\"publisher\":{\"@id\":\"https:\\\/\\\/clubescapada.com\\\/#organization\"},\"potentialAction\":[{\"@type\":\"SearchAction\",\"target\":{\"@type\":\"EntryPoint\",\"urlTemplate\":\"https:\\\/\\\/clubescapada.com\\\/?s={search_term_string}\"},\"query-input\":{\"@type\":\"PropertyValueSpecification\",\"valueRequired\":true,\"valueName\":\"search_term_string\"}}],\"inLanguage\":\"fr-FR\"},{\"@type\":\"Organization\",\"@id\":\"https:\\\/\\\/clubescapada.com\\\/#organization\",\"name\":\"Club Escapada\",\"url\":\"https:\\\/\\\/clubescapada.com\\\/\",\"logo\":{\"@type\":\"ImageObject\",\"inLanguage\":\"fr-FR\",\"@id\":\"https:\\\/\\\/clubescapada.com\\\/#\\\/schema\\\/logo\\\/image\\\/\",\"url\":\"https:\\\/\\\/clubescapada.com\\\/wp-content\\\/uploads\\\/2024\\\/02\\\/Logo-Club-Escapada-rectangular.png\",\"contentUrl\":\"https:\\\/\\\/clubescapada.com\\\/wp-content\\\/uploads\\\/2024\\\/02\\\/Logo-Club-Escapada-rectangular.png\",\"width\":500,\"height\":202,\"caption\":\"Club Escapada\"},\"image\":{\"@id\":\"https:\\\/\\\/clubescapada.com\\\/#\\\/schema\\\/logo\\\/image\\\/\"}}]}<\/script>\n<!-- \/ Yoast SEO plugin. -->","yoast_head_json":{"title":"Pol\u00edtica de Cookies - Club Escapada","robots":{"index":"noindex","follow":"nofollow"},"og_locale":"fr_FR","og_type":"article","og_title":"Pol\u00edtica de Cookies - Club Escapada","og_description":"\u00daltima actualizaci\u00f3n: febrero 2024 En Club Escapada, con domicilio en www.clubescapada.com, nos comprometemos a garantizar que tu privacidad est\u00e9 protegida y a ser transparentes sobre las tecnolog\u00edas que se usan en nuestro sitio web. De acuerdo con la legislaci\u00f3n vigente en materia de cookies (Ley 34\/2002, de 11 de julio, de servicios de la sociedad [&hellip;]","og_url":"https:\/\/clubescapada.com\/fr\/politica-de-cookies\/","og_site_name":"Club Escapada","article_modified_time":"2025-02-04T22:05:46+00:00","twitter_card":"summary_large_image","twitter_misc":{"Dur\u00e9e de lecture estim\u00e9e":"3 minutes"},"schema":{"@context":"https:\/\/schema.org","@graph":[{"@type":"WebPage","@id":"https:\/\/clubescapada.com\/politica-de-cookies\/","url":"https:\/\/clubescapada.com\/politica-de-cookies\/","name":"Pol\u00edtica de Cookies - Club Escapada","isPartOf":{"@id":"https:\/\/clubescapada.com\/#website"},"datePublished":"2024-03-03T23:16:30+00:00","dateModified":"2025-02-04T22:05:46+00:00","breadcrumb":{"@id":"https:\/\/clubescapada.com\/politica-de-cookies\/#breadcrumb"},"inLanguage":"fr-FR","potentialAction":[{"@type":"ReadAction","target":["https:\/\/clubescapada.com\/politica-de-cookies\/"]}]},{"@type":"BreadcrumbList","@id":"https:\/\/clubescapada.com\/politica-de-cookies\/#breadcrumb","itemListElement":[{"@type":"ListItem","position":1,"name":"Portada","item":"https:\/\/clubescapada.com\/"},{"@type":"ListItem","position":2,"name":"Pol\u00edtica de Cookies"}]},{"@type":"WebSite","@id":"https:\/\/clubescapada.com\/#website","url":"https:\/\/clubescapada.com\/","name":"Club d&#039;escapade","description":"D\u00e9couvrez la Catalogne","publisher":{"@id":"https:\/\/clubescapada.com\/#organization"},"potentialAction":[{"@type":"SearchAction","target":{"@type":"EntryPoint","urlTemplate":"https:\/\/clubescapada.com\/?s={search_term_string}"},"query-input":{"@type":"PropertyValueSpecification","valueRequired":true,"valueName":"search_term_string"}}],"inLanguage":"fr-FR"},{"@type":"Organization","@id":"https:\/\/clubescapada.com\/#organization","name":"Club d&#039;escapade","url":"https:\/\/clubescapada.com\/","logo":{"@type":"ImageObject","inLanguage":"fr-FR","@id":"https:\/\/clubescapada.com\/#\/schema\/logo\/image\/","url":"https:\/\/clubescapada.com\/wp-content\/uploads\/2024\/02\/Logo-Club-Escapada-rectangular.png","contentUrl":"https:\/\/clubescapada.com\/wp-content\/uploads\/2024\/02\/Logo-Club-Escapada-rectangular.png","width":500,"height":202,"caption":"Club Escapada"},"image":{"@id":"https:\/\/clubescapada.com\/#\/schema\/logo\/image\/"}}]}},"_links":{"self":[{"href":"https:\/\/clubescapada.com\/fr\/wp-json\/wp\/v2\/pages\/218","targetHints":{"allow":["GET"]}}],"collection":[{"href":"https:\/\/clubescapada.com\/fr\/wp-json\/wp\/v2\/pages"}],"about":[{"href":"https:\/\/clubescapada.com\/fr\/wp-json\/wp\/v2\/types\/page"}],"author":[{"embeddable":true,"href":"https:\/\/clubescapada.com\/fr\/wp-json\/wp\/v2\/users\/1"}],"replies":[{"embeddable":true,"href":"https:\/\/clubescapada.com\/fr\/wp-json\/wp\/v2\/comments?post=218"}],"version-history":[{"count":13,"href":"https:\/\/clubescapada.com\/fr\/wp-json\/wp\/v2\/pages\/218\/revisions"}],"predecessor-version":[{"id":259,"href":"https:\/\/clubescapada.com\/fr\/wp-json\/wp\/v2\/pages\/218\/revisions\/259"}],"wp:attachment":[{"href":"https:\/\/clubescapada.com\/fr\/wp-json\/wp\/v2\/media?parent=218"}],"curies":[{"name":"wp","href":"https:\/\/api.w.org\/{rel}","templated":true}]}}